{"id":234,"date":"2018-10-20T12:00:05","date_gmt":"2018-10-20T10:00:05","guid":{"rendered":"https:\/\/savezsrba.ro\/lat\/?page_id=234"},"modified":"2021-09-23T21:54:01","modified_gmt":"2021-09-23T19:54:01","slug":"statut","status":"publish","type":"page","link":"https:\/\/savezsrba.ro\/lat\/despre-noi\/statut\/","title":{"rendered":"Statut"},"content":{"rendered":"<p><div id='av_section_1'  class='avia-section footer_color avia-section-large avia-no-border-styling  avia-full-stretch av-parallax-section avia-bg-style-parallax  avia-builder-el-0  el_before_av_section  avia-builder-el-first   av-minimum-height av-minimum-height-50  container_wrap fullsize' style=' '  data-section-bg-repeat='stretch' data-av_minimum_height_pc='50'><div class='av-parallax' data-avia-parallax-ratio='0.3' ><div class='av-parallax-inner footer_color  avia-full-stretch' style = 'background-repeat: no-repeat; background-image: url('https:\/\/savezsrba.ro\/lat\/wp-content\/uploads\/sites\/5\/2020\/01\/termeni.webp') ;background-attachment: scroll; background-position: center center; ' ><\/div><\/div><div class='container' ><main  role=\"main\" itemprop=\"mainContentOfPage\"  class='template-page content  av-content-full alpha units'><div class='post-entry post-entry-type-page post-entry-234'><div class='entry-content-wrapper clearfix'>\n<div class=\"flex_column av_one_full  flex_column_div av-zero-column-padding first  avia-builder-el-1  avia-builder-el-no-sibling  \" style='border-radius:0px; '><section class=\"av_textblock_section \"  itemscope=\"itemscope\" itemtype=\"https:\/\/schema.org\/CreativeWork\" ><div class='avia_textblock  '   itemprop=\"text\" ><h1 style=\"text-align: center\"><span style=\"color: #ffffff;padding: 10px 10px\">Statut<\/span><\/h1>\n<\/div><\/section><\/div>\n<br \/>\n<\/div><\/div><\/main><!-- close content main element --><\/div><\/div><div id='av_section_2'  class='avia-section main_color avia-section-default avia-no-border-styling  avia-bg-style-scroll  avia-builder-el-3  el_after_av_section  avia-builder-el-last   container_wrap fullsize' style=' '  ><div class='container' ><div class='template-page content  av-content-full alpha units'><div class='post-entry post-entry-type-page post-entry-234'><div class='entry-content-wrapper clearfix'>\n<div class=\"flex_column av_one_full  flex_column_div av-zero-column-padding first  avia-builder-el-4  avia-builder-el-no-sibling  \" style='border-radius:0px; '><section class=\"av_textblock_section \"  itemscope=\"itemscope\" itemtype=\"https:\/\/schema.org\/CreativeWork\" ><div class='avia_textblock  '   itemprop=\"text\" ><p style=\"text-align: center\"><b>STATUT<\/b><\/p>\n<p style=\"text-align: center\"><b>SAVEZA SRBA U RUMUNIJI<\/b><\/p>\n<p style=\"text-align: center\"><b>(S.S.R.)<\/b><\/p>\n<p style=\"text-align: center\"><strong>izmenjen i dopunjen nakon zasedanja Generalne skup\u0161tine 19. septembra 2020.<\/strong><\/p>\n<p style=\"text-align: center\"><em>[P R E V O D]<\/em><\/p>\n<p style=\"text-align: center\"><em>[Izvodi]<\/em><\/p>\n<p><b>Poglavlje I<span class=\"Apple-converted-space\">\u00a0 <\/span>\u2013 Savez Srba u Rumuniji: op\u0161ti podaci, naziv, sedi\u0161te, jezik, svrha, ciljevi, trajanje.<span class=\"Apple-converted-space\">\u00a0<\/span><\/b><\/p>\n<p><strong>\u010cl. 1.<\/strong> Savez Srba u Rumuniji jeste gra\u0111ansko nepoliti\u010dko udru\u017eenje dru\u0161tveno-humanitarnog, kulturno-umetni\u010dkog, knji\u017eevnog i prosvetnog karaktera, imaju\u0107i status pravnog lica [\u2026] shodno predvi\u0111anjima Naloga Vlade br. 26\/30.01.2000. u vezi sa udru\u017eenjima i fondacijama, sa naknadnim izmenama i dopunama, budu\u0107i pravno registrovana [\u2026] aktom br. 57\/26. februara 2000, izre\u010denim od strane Suda Temi\u0161vara u dosijeu br. 82\/PJ\/1990, sa sopstvenim statutom.<\/p>\n<p><strong>\u010cl. 2.<\/strong> <span style=\"text-decoration: underline\">Naziv<\/span> organizacije jeste Savez Srba u Rumuniji, skra\u0107eno S.S.R. (na rumunskom: Uniunea S\u00e2rbilor din Rom\u00e2nia; skra\u0107eno U.S.R.), naziv koji \u0107e biti ispo\u0161tovan u svim dokumentima i u odnosima sa ustanovama u zemlji i inostranstvu.<\/p>\n<p><strong>\u010cl. 3.<\/strong> S.S.R. funkcioni\u0161e na osnovu osnovnih ljudskih prava i sloboda, op\u0161te priznatih me\u0111unarodnih garancija u vezi sa za\u0161titom nacionalnih manjina i Ustava, specifi\u010dnim zakonima u Rumuniji, svog Statuta, kao i sopstvenog Pravilnika o organizovanju i poslovanju.<\/p>\n<p><strong>\u010cl. 4.<\/strong> S.S.R. udru\u017euje Srbe i\/ili osobe koje govore srpskim jezikom sa teritorije Rumunije, budu\u0107i udru\u017eenje srpske manjine u Rumuniji.<\/p>\n<p><strong>\u010cl. 5.<\/strong> <span style=\"text-decoration: underline\">Sedi\u0161te<\/span> S.S.R. nalazi se u Temi\u0161varu, ulica Mangalija br. 29, \u017eupanija Timi\u0161, po\u0161tanski fah 300188.<\/p>\n<p><strong>\u010cl. 6.<\/strong> Uobi\u010dajeni <span style=\"text-decoration: underline\">jezik<\/span> u okviru S.S.R. jeste prete\u017eno srpski [\u2026].<\/p>\n<p><strong>\u010cl. 7.<\/strong> Svrha organizacije: S.S.R. doprinosi, specifi\u010dnim oblicima svoga delokruga, formiranju i razvoju nacionalne svesti srpske manjine u Rumuniji.<\/p>\n<p><b>\u010cl. 8.<\/b> Predlo\u017eeni ciljevi S.S.R. u svrhu realizacije pomenute svrhe, jesu slede\u0107i:<span class=\"Apple-converted-space\">\u00a0<\/span><\/p>\n<p><b>(a)<\/b><span class=\"Apple-converted-space\">\u00a0 <\/span>promovisanje i za\u0161tita specifi\u010dnih interesa srpske manjine u Rumuniji, putem svih dru\u0161tveno-humanitarnih, kulturnih, ekonomskih aktivnosti koje mo\u017ee preduzeti.<\/p>\n<p><b>(b)<\/b> o\u010duvanje, promovisanje i razvoj tradicije, kulturnog i etnografskog nasle\u0111a Srba.<\/p>\n<p>[\u2026]<\/p>\n<p><b>\u010cl. 9.<\/b> Trajanje S.S.R. je neograni\u010deno.<\/p>\n<p><b>Poglavlje II<span class=\"Apple-converted-space\">\u00a0 <\/span>\u2013 Organizaciona struktura S.S.R.<\/b><\/p>\n<p><b>\u010cl. 10. <\/b>S.S.R. obuhvata sve Mesne organizacije S.S.R, u nastavku [skra\u0107eno] M.O.S.S.R, kao i Organizaciju mladih Srba, u nastavku [skra\u0107eno] O.M.S.<\/p>\n<p>[\u2026]<\/p>\n<p><b>Poglavlje III<span class=\"Apple-converted-space\">\u00a0 <\/span>\u2013 \u010clanovi Saveza Srba u Rumuniji: svojstvo \u010dlana, prava i du\u017enosti, sankcije.<\/b><\/p>\n<p><b>\u010cl. 13.<\/b><\/p>\n<p><b>(1)<\/b> Mo\u017ee postati \u010dlan Saveza Srba u Rumuniji bilo koji rumunski gra\u0111anin koji izja\u0161njava svoju pripadnost srpskoj manjini i\/ili govori srpski jezik, priznaje i po\u0161tuje Statut S.S.R.<\/p>\n<p>[\u2026]<\/p>\n<p><b>Poglavlje IV<span class=\"Apple-converted-space\">\u00a0 <\/span>\u2013 Centralni organi S.S.R: Generalna skup\u0161tina, Rukovode\u0107i savet, Upravni odbor<\/b><\/p>\n<p><b>\u010cl. 23.<\/b> Centralni organi S.S.R. jesu:<\/p>\n<p><b>a)<\/b> Generalna skup\u0161tina;<\/p>\n<p><b>b)<\/b> Rukovode\u0107i savet;<\/p>\n<p><b>c)<\/b> Izvr\u0161ni odbor.<\/p>\n<p><b>\u010cl. 24.<\/b><\/p>\n<p><strong>(1)<\/strong> Generalna skup\u0161tina je vrhovno rukovode\u0107e telo S.S.R. Sa\u010dinjavaju je \u010dlanovi S.S.R. izabrani iz redova \u010dlanova svake M.O.S.S.R., i koji se nalaze na spisku delegata doti\u010dne M.O.S.S.R. za Generalnu skup\u0161tinu. Mandat izabranog delegata u okviru S.S.R. va\u017ei 4 (\u010detiri) godine.<\/p>\n<p><strong>(2)<\/strong> Delegati se biraju u okviru skup\u0161tina \u010dlanova svake M.O.S.S.R. me\u0111u kandidatima predlo\u017eenih od strane \u010dlanova doti\u010dnih M.O.S.S.R. tajnim ili javnim glasanjem [\u2026]. Broj delegata svake M.O.S.S.R. ustanovljava se tako da se za svakih 100 izja\u0161njenih Srba pri poslednjem zvani\u010dnom popisu u doti\u010dnom mestu bira po jedan delegat [\u2026]<\/p>\n<p><b>\u010cl. 25.<\/b> Na zasedanjima Generalne skup\u0161tine u\u010destvuju i:<\/p>\n<p><b>(\u0430)<\/b> predsednik S.S.R;<\/p>\n<p><b>(b)<\/b> poslanik\/poslanici S.S.R;<\/p>\n<p><strong>(c)<\/strong> po\u010dasni predsednik S.S.R;<\/p>\n<p><strong>(d)<\/strong> sekretar S.S.R;<\/p>\n<p><strong>(e)<\/strong> mesni savetnici izabrani na listama S.S.R. u teku\u0107em sazivu.<\/p>\n<p>[\u2026]<\/p>\n<p><b>\u010cl. 34.<\/b> <span style=\"text-decoration: underline\">Upravni odbor<\/span> zastupa interese S.S.R. uop\u0161te, i svih M.O.S.S.R. i odgovoran je Generalnoj skup\u0161tini. On donosi odluke po pitanju svih problema koji nisu u isklju\u010divoj nadle\u017enosti Generalne skup\u0161tine, u razdoblju izme\u0111u zasedanja Generalne skup\u0161tine.<\/p>\n<p>[\u2026]<\/p>\n<p><b>\u010cl. 38.<\/b><\/p>\n<p><strong>(1)<\/strong> Upravni odbor sa\u010dinjavaju:<\/p>\n<p><strong>(a)<\/strong> izabrani predstavnici na osnovu kriterijuma teritorijalne reprezentativnosti, za period od 4 (\u010detiri) godine, iz svake od slede\u0107ih teritorijalnih jedinica:<\/p>\n<p>1 &#8211; \u017dupanija Arad [sa doti\u010dnim podjedinicama],<\/p>\n<p>2 &#8211; Grad Bukure\u0161t<\/p>\n<p>3 &#8211; \u017dupanija Kara\u0161-Severin (sa doti\u010dnim podjedinicama)<\/p>\n<p>4 &#8211; \u017dupanija Mehedinc<\/p>\n<p>5 &#8211; \u017dupanija Timi\u0161 (izuzev grada Temi\u0161vara) (sa doti\u010dnim podjedinicama)<\/p>\n<p>i<\/p>\n<p>6 &#8211; Grad Temi\u0161var<\/p>\n<p>[\u2026]<\/p>\n<p>Broj izabranih predstavnika odre\u0111en je na osnovu broja izja\u0161njenih Srba pri poslednjem zvani\u010dnom popisu u doti\u010dnim teritorijalnim jedinicama, kao \u0161to sledi:<\/p>\n<p><strong>(b)<\/strong> predsednik S.S.R.;<\/p>\n<p><strong>(c)<\/strong> poslanik S.S.R.;<\/p>\n<p><strong>(d)<\/strong> sekretar S.S.R.;<\/p>\n<p><strong>(e)<\/strong> po\u010dasni predsednik S.S.R.<\/p>\n<p><strong>(2)<\/strong> Potpredsednici S.S.R. biraju se iz redova \u010dlanova Upravnog odbora, na osnovu kriterijuma teritorijalne reprezentativnosti, po jedan za svaku teritorijalnu jedinicu, kao \u0161to je nazna\u010deno u paragrafu 1, \u010dlan a) .<\/p>\n<p><b>\u010cl. 39. <\/b>Mandat predstavnika M.O.S.S.R. u Upravnom odboru dobijen izborom va\u017ei 4 (\u010detiri) godine. [\u2026] Na\u010din izbora predstavnika bi\u0107e odre\u0111en pravilnikom M.O.S.S.R.<\/p>\n<p>[\u2026]<\/p>\n<p><b>\u010cl. 44.<\/b> Saglasnost Rukovode\u0107eg saveta neophodna je \u010dlanovima S.S.R. koji kandiduju na listama pojedinih politi\u010dkih partija. Ukoliko saglasnost nije data, doti\u010dni \u010dlanovi gube u okviru S.S.R. pravo da biraju i budu izabrani tokom svoga mandata ili mogu biti isklju\u010deni iz organizacije.<\/p>\n<p><b>\u010cl. 45.\u00a0<\/b>Izvr\u0161ni odbor sa\u010dinjava 8 (osam) \u010dlanova i odvija svoju aktivnost na osnovu ovoga Statuta i Pravilnika o poslovanju usvojenom od Generalne skup\u0161tine. Izvr\u0161ni odbor redovno zasedava jednom mese\u010dno i vanredno, kad se god uka\u017ee potreba.<\/p>\n<p><b>\u010cl. 46. <\/b>Izvr\u0161ni odbor sa\u010dinjavaju:<\/p>\n<p><b>(a)<\/b> predsednik S.S.R;<\/p>\n<p><b>(b)<\/b> \u0161est potpredsednika;<\/p>\n<p><b>(c)<\/b> poslanik S.S.R.<\/p>\n<p>[\u2026]<\/p>\n<p><b>\u010cl. 61.<\/b> Predsednik S.S.R. predstavlja S.S.R. u svim odnosima sa strankama.<\/p>\n<p>[\u2026]<\/p>\n<p><b>\u010cl. 62.<\/b> Ukoliko predsednik S.S.R. jeste ve\u0107 predsednik izvesne M.O.S.S.R, du\u017ean je da odustane od ni\u017ee funkcije. Predsednik S.S.R. ne mo\u017ee istovremeno vr\u0161iti funkciju poslanika u Parlamentu Rumunije.<\/p>\n<p><b>\u010cl. 63. <\/b>Predsednik S.S.R. biva izabran na 4 (\u010detiri) godine. Izbor u okviru Generalne skup\u0161tine zasniva se apsolutnoj ve\u0107ini izja\u0161njenih glasova, a vr\u0161i se tajnim i\/ili javnim glasanjem.<\/p>\n<p><b>\u010cl. 64.<\/b> On je odgovoran Rukovode\u0107em savetu i Generalnoj skup\u0161tini S.S.R.<\/p>\n<p>[\u2026]<\/p>\n<p><b>\u010cl. 68<\/b>. Poslanik S.S.R. zastupa interese S.S.R. u Parlamentu.<\/p>\n<p><b>\u010cl. 69.<\/b><\/p>\n<p><strong>(1)<\/strong> Poslanik S.S.R. odvija svoju aktivnost u dogovoru sa Rukovode\u0107im savetom i periodi\u010dno \u0107e obave\u0161tavati Savet i Generalnu skup\u0161tinu [u vezi sa svojom aktivno\u0161\u0107u].<\/p>\n<p><strong>(2) <\/strong>Poslanik S.S.R. ne mo\u017ee uklju\u010diti S.S.R. u politi\u010dke alijanse bez saglasnosti Rukovode\u0107eg saveta ili Generalne skup\u0161tine.<\/p>\n<p><b>(3) <\/b>Kandidat za funkciju poslanika S.S.R. ne mo\u017ee biti \u010dlan nekih politi\u010dkih partija ili drugih etni\u010dkih [manjinskih] organizacija.<\/p>\n<p>[\u2026]<\/p>\n<p><b>Poglavlje V<span class=\"Apple-converted-space\">\u00a0 <\/span>\u2013 Imovina S.S.R, bud\u017eet S.S.R: prihodi i rashodi<span class=\"Apple-converted-space\">\u00a0<\/span><\/b><\/p>\n<p><b>\u010cl. 71<\/b>. Imovinu S.S.R. sa\u010dinjavaju pokretna i nepokretna dobra u svom vlasni\u0161tvu.<span class=\"Apple-converted-space\">\u00a0<\/span><\/p>\n<p>[\u2026]<\/p>\n<p><b>\u010cl. 76.<\/b> S.S.R. ima eksluzivno:<\/p>\n<p><b>\u0430)<\/b> pravo kori\u0161tenja sopstvenog logotipa\/grba, kao i naziva akcija koje organizuje;<\/p>\n<p><b>b)<\/b> pravo reklamiranja, radio i televizijskih prenosa akcija koje organizuje ili na kojima u\u010destvuje, u odre\u0111enim slu\u010dajevima.<\/p>\n<p><b>\u010cl. 77.<\/b> <span style=\"text-decoration: underline\">Bud\u017eet S.S.R<\/span>. Prihodi, bez obzira na izvor, kao i rashodi S.S.R. svake prirode obuhva\u0107eni su u sopstvenom godi\u0161njem bud\u017eetu.<\/p>\n<p><b>\u010cl. 78.<\/b> Godi\u0161nji bud\u017eet S.S.R. izglasava Generalna skup\u0161tina.<\/p>\n<p>[\u2026]<\/p>\n<p><b>Poglavlje VI<span class=\"Apple-converted-space\">\u00a0 <\/span>\u2013 Raspu\u0161tanje i likvidiranje<\/b><\/p>\n<p><b>\u010cl. 85.<\/b> <span style=\"text-decoration: underline\">Na\u010dini raspu\u0161tanja<\/span>. S.S.R. se mo\u017ee raspustiti:<\/p>\n<p><b>a)<\/b> pravno;<\/p>\n<p><b>b)<\/b> odlukom kompetentnog suda;<\/p>\n<p><b>c)<\/b> odlukom Generalne skup\u0161tine.<\/p>\n<p>[\u2026]<\/p>\n<p><b>\u010cl. 92.<\/b> Preostala dobra nakon likvidacije u\u0107i \u0107e u imovinu Pravoslavne srpske eparhije temi\u0161varske ili pravnih lica privatnog ili javnog prava sa identi\u010dnom ili sli\u010dnom svrhom.<\/p>\n<p>[\u2026]<\/p>\n<p><b>Poglavlje VII<span class=\"Apple-converted-space\">\u00a0 <\/span>\u2013 Zavr\u0161ne odredbe.<\/b><\/p>\n<p>[\u2026]<\/p>\n<p><b>\u010cl. 111.<\/b><\/p>\n<p>S.S.R: ima sopstvenu internet stranicu sa adresom: www.savezsrba.ro\u00a0 .<\/p>\n<p>Ovaj Statut je bio izmenjen na Generalnoj skup\u0161tini Saveza Srba u Rumuniji, odr\u017eanoj 19. septembra 2020.<\/p>\n<p>[\u2026]<\/p>\n<p>Predsednik,<\/p>\n<p>m.p. Ognjan Krsti\u0107<\/p>\n<p><i>Zvani\u010dan tekst Statuta Saveza Srba u Rumuniji, overen od rumunskih vlasti, pro\u010ditajte <\/i><a href=\"https:\/\/savezsrba.ro\/ro\/despre-noi\/statut\/\"><b><i>OVDE<\/i><\/b><\/a><i>.<\/i><\/p>\n<\/div><\/section><\/div><\/p>\n","protected":false},"excerpt":{"rendered":"","protected":false},"author":1,"featured_media":0,"parent":159,"menu_order":0,"comment_status":"closed","ping_status":"closed","template":"","meta":{"_mc_calendar":[],"footnotes":""},"class_list":["post-234","page","type-page","status-publish","hentry"],"yoast_head":"<!-- This site is optimized with the Yoast SEO plugin v27.5 - https:\/\/yoast.com\/product\/yoast-seo-wordpress\/ -->\n<title>Statut - Savez Srba u Rumuniji<\/title>\n<meta name=\"robots\" content=\"index, follow, max-snippet:-1, max-image-preview:large, max-video-preview:-1\" \/>\n<link rel=\"canonical\" href=\"https:\/\/savezsrba.ro\/lat\/despre-noi\/statut\/\" \/>\n<meta property=\"og:locale\" content=\"sr_RS\" \/>\n<meta property=\"og:type\" content=\"article\" \/>\n<meta property=\"og:title\" content=\"Statut - Savez Srba u Rumuniji\" \/>\n<meta property=\"og:url\" content=\"https:\/\/savezsrba.ro\/lat\/despre-noi\/statut\/\" \/>\n<meta property=\"og:site_name\" content=\"Savez Srba u Rumuniji\" \/>\n<meta property=\"article:modified_time\" content=\"2021-09-23T19:54:01+00:00\" \/>\n<meta property=\"og:image\" content=\"https:\/\/savezsrba.ro\/lat\/wp-content\/uploads\/sites\/5\/2020\/02\/savez-srba-fb-og.jpg\" \/>\n\t<meta property=\"og:image:width\" content=\"1200\" \/>\n\t<meta property=\"og:image:height\" content=\"630\" \/>\n\t<meta property=\"og:image:type\" content=\"image\/jpeg\" \/>\n<meta name=\"twitter:card\" content=\"summary_large_image\" \/>\n<meta name=\"twitter:label1\" content=\"\u041f\u0440\u043e\u0446\u0435\u045a\u0435\u043d\u043e \u0432\u0440\u0435\u043c\u0435 \u0447\u0438\u0442\u0430\u045a\u0430\" \/>\n\t<meta name=\"twitter:data1\" content=\"9 \u043c\u0438\u043d\u0443\u0442\u0430\" \/>\n<script type=\"application\/ld+json\" class=\"yoast-schema-graph\">{\"@context\":\"https:\\\/\\\/schema.org\",\"@graph\":[{\"@type\":\"WebPage\",\"@id\":\"https:\\\/\\\/savezsrba.ro\\\/lat\\\/despre-noi\\\/statut\\\/\",\"url\":\"https:\\\/\\\/savezsrba.ro\\\/lat\\\/despre-noi\\\/statut\\\/\",\"name\":\"Statut - Savez Srba u Rumuniji\",\"isPartOf\":{\"@id\":\"https:\\\/\\\/savezsrba.ro\\\/lat\\\/#website\"},\"datePublished\":\"2018-10-20T10:00:05+00:00\",\"dateModified\":\"2021-09-23T19:54:01+00:00\",\"breadcrumb\":{\"@id\":\"https:\\\/\\\/savezsrba.ro\\\/lat\\\/despre-noi\\\/statut\\\/#breadcrumb\"},\"inLanguage\":\"sr-RS\",\"potentialAction\":[{\"@type\":\"ReadAction\",\"target\":[\"https:\\\/\\\/savezsrba.ro\\\/lat\\\/despre-noi\\\/statut\\\/\"]}]},{\"@type\":\"BreadcrumbList\",\"@id\":\"https:\\\/\\\/savezsrba.ro\\\/lat\\\/despre-noi\\\/statut\\\/#breadcrumb\",\"itemListElement\":[{\"@type\":\"ListItem\",\"position\":1,\"name\":\"Home\",\"item\":\"https:\\\/\\\/savezsrba.ro\\\/lat\\\/pocetna\\\/\"},{\"@type\":\"ListItem\",\"position\":2,\"name\":\"Despre noi\",\"item\":\"https:\\\/\\\/savezsrba.ro\\\/lat\\\/despre-noi\\\/\"},{\"@type\":\"ListItem\",\"position\":3,\"name\":\"Statut\"}]},{\"@type\":\"WebSite\",\"@id\":\"https:\\\/\\\/savezsrba.ro\\\/lat\\\/#website\",\"url\":\"https:\\\/\\\/savezsrba.ro\\\/lat\\\/\",\"name\":\"Savez Srba u Rumuniji\",\"description\":\"\",\"potentialAction\":[{\"@type\":\"SearchAction\",\"target\":{\"@type\":\"EntryPoint\",\"urlTemplate\":\"https:\\\/\\\/savezsrba.ro\\\/lat\\\/?s={search_term_string}\"},\"query-input\":{\"@type\":\"PropertyValueSpecification\",\"valueRequired\":true,\"valueName\":\"search_term_string\"}}],\"inLanguage\":\"sr-RS\"}]}<\/script>\n<!-- \/ Yoast SEO plugin. -->","yoast_head_json":{"title":"Statut - Savez Srba u Rumuniji","robots":{"index":"index","follow":"follow","max-snippet":"max-snippet:-1","max-image-preview":"max-image-preview:large","max-video-preview":"max-video-preview:-1"},"canonical":"https:\/\/savezsrba.ro\/lat\/despre-noi\/statut\/","og_locale":"sr_RS","og_type":"article","og_title":"Statut - Savez Srba u Rumuniji","og_url":"https:\/\/savezsrba.ro\/lat\/despre-noi\/statut\/","og_site_name":"Savez Srba u Rumuniji","article_modified_time":"2021-09-23T19:54:01+00:00","og_image":[{"width":1200,"height":630,"url":"https:\/\/savezsrba.ro\/lat\/wp-content\/uploads\/sites\/5\/2020\/02\/savez-srba-fb-og.jpg","type":"image\/jpeg"}],"twitter_card":"summary_large_image","twitter_misc":{"\u041f\u0440\u043e\u0446\u0435\u045a\u0435\u043d\u043e \u0432\u0440\u0435\u043c\u0435 \u0447\u0438\u0442\u0430\u045a\u0430":"9 \u043c\u0438\u043d\u0443\u0442\u0430"},"schema":{"@context":"https:\/\/schema.org","@graph":[{"@type":"WebPage","@id":"https:\/\/savezsrba.ro\/lat\/despre-noi\/statut\/","url":"https:\/\/savezsrba.ro\/lat\/despre-noi\/statut\/","name":"Statut - Savez Srba u Rumuniji","isPartOf":{"@id":"https:\/\/savezsrba.ro\/lat\/#website"},"datePublished":"2018-10-20T10:00:05+00:00","dateModified":"2021-09-23T19:54:01+00:00","breadcrumb":{"@id":"https:\/\/savezsrba.ro\/lat\/despre-noi\/statut\/#breadcrumb"},"inLanguage":"sr-RS","potentialAction":[{"@type":"ReadAction","target":["https:\/\/savezsrba.ro\/lat\/despre-noi\/statut\/"]}]},{"@type":"BreadcrumbList","@id":"https:\/\/savezsrba.ro\/lat\/despre-noi\/statut\/#breadcrumb","itemListElement":[{"@type":"ListItem","position":1,"name":"Home","item":"https:\/\/savezsrba.ro\/lat\/pocetna\/"},{"@type":"ListItem","position":2,"name":"Despre noi","item":"https:\/\/savezsrba.ro\/lat\/despre-noi\/"},{"@type":"ListItem","position":3,"name":"Statut"}]},{"@type":"WebSite","@id":"https:\/\/savezsrba.ro\/lat\/#website","url":"https:\/\/savezsrba.ro\/lat\/","name":"Savez Srba u Rumuniji","description":"","potentialAction":[{"@type":"SearchAction","target":{"@type":"EntryPoint","urlTemplate":"https:\/\/savezsrba.ro\/lat\/?s={search_term_string}"},"query-input":{"@type":"PropertyValueSpecification","valueRequired":true,"valueName":"search_term_string"}}],"inLanguage":"sr-RS"}]}},"publishpress_future_action":{"enabled":false,"date":"2026-05-09 17:55:46","action":"change-status","newStatus":"draft","terms":[],"taxonomy":"","extraData":[]},"publishpress_future_workflow_manual_trigger":{"enabledWorkflows":[]},"_links":{"self":[{"href":"https:\/\/savezsrba.ro\/lat\/wp-json\/wp\/v2\/pages\/234","targetHints":{"allow":["GET"]}}],"collection":[{"href":"https:\/\/savezsrba.ro\/lat\/wp-json\/wp\/v2\/pages"}],"about":[{"href":"https:\/\/savezsrba.ro\/lat\/wp-json\/wp\/v2\/types\/page"}],"author":[{"embeddable":true,"href":"https:\/\/savezsrba.ro\/lat\/wp-json\/wp\/v2\/users\/1"}],"replies":[{"embeddable":true,"href":"https:\/\/savezsrba.ro\/lat\/wp-json\/wp\/v2\/comments?post=234"}],"version-history":[{"count":0,"href":"https:\/\/savezsrba.ro\/lat\/wp-json\/wp\/v2\/pages\/234\/revisions"}],"up":[{"embeddable":true,"href":"https:\/\/savezsrba.ro\/lat\/wp-json\/wp\/v2\/pages\/159"}],"wp:attachment":[{"href":"https:\/\/savezsrba.ro\/lat\/wp-json\/wp\/v2\/media?parent=234"}],"curies":[{"name":"wp","href":"https:\/\/api.w.org\/{rel}","templated":true}]}}