{"id":419,"date":"2018-10-29T13:17:03","date_gmt":"2018-10-29T11:17:03","guid":{"rendered":"https:\/\/savezsrba.ro\/lat\/?page_id=419"},"modified":"2020-01-17T14:04:45","modified_gmt":"2020-01-17T12:04:45","slug":"biblioteca-digitala","status":"publish","type":"page","link":"https:\/\/savezsrba.ro\/lat\/activitate\/biblioteca-digitala\/","title":{"rendered":"Digitalna biblioteka"},"content":{"rendered":"<div id='av_section_1'  class='avia-section footer_color avia-section-large avia-no-border-styling  avia-full-stretch av-section-color-overlay-active avia-bg-style-scroll  avia-builder-el-0  el_before_av_section  avia-builder-el-first   av-minimum-height av-minimum-height-50  container_wrap fullsize' style='background-repeat: no-repeat; background-image: url('https:\/\/savezsrba.ro\/lat\/wp-content\/uploads\/sites\/5\/2020\/01\/DBSR.webp') ;background-attachment: scroll; background-position: center center;  '  data-section-bg-repeat='stretch' data-av_minimum_height_pc='50'><div class='av-section-color-overlay-wrap'><div class='av-section-color-overlay' style='opacity: 0.5; background-color: #000000; '><\/div><div class='container' ><main  role=\"main\" itemprop=\"mainContentOfPage\"  class='template-page content  av-content-full alpha units'><div class='post-entry post-entry-type-page post-entry-419'><div class='entry-content-wrapper clearfix'>\n<div class=\"flex_column av_one_full  flex_column_div av-zero-column-padding first  avia-builder-el-1  avia-builder-el-no-sibling  \" style='border-radius:0px; '><section class=\"av_textblock_section \"  itemscope=\"itemscope\" itemtype=\"https:\/\/schema.org\/CreativeWork\" ><div class='avia_textblock  '   itemprop=\"text\" ><h1 style=\"text-align: center;\"><span style=\"color: #ffffff; background-color: rgba(0,0,0,0.4); padding: 10px 10px;\">Digitalna biblioteka Srba u Rumuniji<\/span><\/h1>\n<\/div><\/section><\/div><\/div><\/div><\/main><!-- close content main element --><\/div><\/div><\/div><div id='av_section_2'  class='avia-section main_color avia-section-default avia-no-shadow  avia-bg-style-scroll  avia-builder-el-3  el_after_av_section  avia-builder-el-last   container_wrap fullsize' style=' '  ><div class='container' ><div class='template-page content  av-content-full alpha units'><div class='post-entry post-entry-type-page post-entry-419'><div class='entry-content-wrapper clearfix'>\n<section class=\"av_textblock_section \"  itemscope=\"itemscope\" itemtype=\"https:\/\/schema.org\/CreativeWork\" ><div class='avia_textblock  '   itemprop=\"text\" ><p style=\"text-align: center;\">Projekat <b>DBSR (Digitalna biblioteka Srba u Rumuniji)<\/b> pokrenut je dugogodi\u0161njom te\u017enjom velikog broja pojedinaca iz redova na\u0161e zajednice da se spasu od uni\u0161tenja i sa\u010duvaju od zaborava retki i te\u0161ko dostupni primerci starih knjiga, \u010dasopisa ili novina na srpskom jeziku \u0161tampanih na dana\u0161njoj teritoriji Rumunije.<\/p>\n<p style=\"text-align: center;\">Prva inicijativa u tom smislu potekla je u okviru Temi\u0161varske organizacije Saveza Srba u Rumuniji, odlukom da se uz pomo\u0107 savremene tehnologije najpre digitalizuju postoje\u0107e unikatne kolekcije srpskih glasila iz fonda Srpske \u010ditaonice u Temi\u0161varu. Na taj su na\u010din stvoreni uslovi da novonastali elektronski primerci obrazuju fond nove virtuelne biblioteke, te da izuzetno bogat izdava\u010dki opus Srba u Rumuniji &#8211; \u010diji po\u010deci dose\u017eu tre\u0107u deceniju XIX veka &#8211; bude dostupan \u0161iroj javnosti, putem ovoga sajta.<\/p>\n<p style=\"text-align: center;\">Sadr\u017eaj sajta nije ograni\u010den samo na prvobitnu ideju (novine, \u010dasopise i knjige), ve\u0107 obuhvata mnogo \u0161iru lepezu materijala o na\u0161oj zajednici ili nastalih u okviru na\u0161e zajednice.<\/p>\n<p style=\"text-align: center;\">Sajt Digitalne biblioteke Srba u Rumuniji organizovan je u devetnaest kategorija. Radi \u0161ire dostupnosti, postoje identi\u010dne verzije sajta (stranica) na srpskom (\u0107irilocom i latinicom), rumunskom i engleskom jeziku.<span class=\"Apple-converted-space\">\u00a0<\/span><\/p>\n<p style=\"text-align: center;\">Digitalna biblioteka Srba u Rumuniji (DBSR) je virtuelna biblioteka otvorenog tipa, sa neograni\u010denim pristupom svim posetiocima. U tom smislu, svi se materijali sa sajta mogu preuzeti radi daljeg kori\u0161\u0107enja, u skladu sa postoje\u0107im uslovima o kori\u0161\u0107enju.<\/p>\n<p style=\"text-align: center;\">Sajt je dostupan na adresi: <a href=\"http:\/\/dbsr.ro\/index-ro.html\">www.dbsr.ro<\/a><\/p>\n<\/div><\/section>\n<\/p>\n","protected":false},"excerpt":{"rendered":"","protected":false},"author":1,"featured_media":0,"parent":168,"menu_order":0,"comment_status":"closed","ping_status":"closed","template":"","meta":{"_mc_calendar":[],"footnotes":""},"class_list":["post-419","page","type-page","status-publish","hentry"],"yoast_head":"<!-- This site is optimized with the Yoast SEO plugin v27.4 - https:\/\/yoast.com\/product\/yoast-seo-wordpress\/ -->\n<title>Digitalna biblioteka - Savez Srba u Rumuniji<\/title>\n<meta name=\"robots\" content=\"index, follow, max-snippet:-1, max-image-preview:large, max-video-preview:-1\" \/>\n<link rel=\"canonical\" href=\"https:\/\/savezsrba.ro\/lat\/activitate\/biblioteca-digitala\/\" \/>\n<meta property=\"og:locale\" content=\"sr_RS\" \/>\n<meta property=\"og:type\" content=\"article\" \/>\n<meta property=\"og:title\" content=\"Digitalna biblioteka - Savez Srba u Rumuniji\" \/>\n<meta property=\"og:url\" content=\"https:\/\/savezsrba.ro\/lat\/activitate\/biblioteca-digitala\/\" \/>\n<meta property=\"og:site_name\" content=\"Savez Srba u Rumuniji\" \/>\n<meta property=\"article:modified_time\" content=\"2020-01-17T12:04:45+00:00\" \/>\n<meta property=\"og:image\" content=\"https:\/\/savezsrba.ro\/lat\/wp-content\/uploads\/sites\/5\/2020\/02\/savez-srba-fb-og.jpg\" \/>\n\t<meta property=\"og:image:width\" content=\"1200\" \/>\n\t<meta property=\"og:image:height\" content=\"630\" \/>\n\t<meta property=\"og:image:type\" content=\"image\/jpeg\" \/>\n<meta name=\"twitter:card\" content=\"summary_large_image\" \/>\n<meta name=\"twitter:label1\" content=\"\u041f\u0440\u043e\u0446\u0435\u045a\u0435\u043d\u043e \u0432\u0440\u0435\u043c\u0435 \u0447\u0438\u0442\u0430\u045a\u0430\" \/>\n\t<meta name=\"twitter:data1\" content=\"3 \u043c\u0438\u043d\u0443\u0442\u0430\" \/>\n<script type=\"application\/ld+json\" class=\"yoast-schema-graph\">{\"@context\":\"https:\\\/\\\/schema.org\",\"@graph\":[{\"@type\":\"WebPage\",\"@id\":\"https:\\\/\\\/savezsrba.ro\\\/lat\\\/activitate\\\/biblioteca-digitala\\\/\",\"url\":\"https:\\\/\\\/savezsrba.ro\\\/lat\\\/activitate\\\/biblioteca-digitala\\\/\",\"name\":\"Digitalna biblioteka - Savez Srba u Rumuniji\",\"isPartOf\":{\"@id\":\"https:\\\/\\\/savezsrba.ro\\\/lat\\\/#website\"},\"datePublished\":\"2018-10-29T11:17:03+00:00\",\"dateModified\":\"2020-01-17T12:04:45+00:00\",\"breadcrumb\":{\"@id\":\"https:\\\/\\\/savezsrba.ro\\\/lat\\\/activitate\\\/biblioteca-digitala\\\/#breadcrumb\"},\"inLanguage\":\"sr-RS\",\"potentialAction\":[{\"@type\":\"ReadAction\",\"target\":[\"https:\\\/\\\/savezsrba.ro\\\/lat\\\/activitate\\\/biblioteca-digitala\\\/\"]}]},{\"@type\":\"BreadcrumbList\",\"@id\":\"https:\\\/\\\/savezsrba.ro\\\/lat\\\/activitate\\\/biblioteca-digitala\\\/#breadcrumb\",\"itemListElement\":[{\"@type\":\"ListItem\",\"position\":1,\"name\":\"Home\",\"item\":\"https:\\\/\\\/savezsrba.ro\\\/lat\\\/pocetna\\\/\"},{\"@type\":\"ListItem\",\"position\":2,\"name\":\"Activitate\",\"item\":\"https:\\\/\\\/savezsrba.ro\\\/lat\\\/activitate\\\/\"},{\"@type\":\"ListItem\",\"position\":3,\"name\":\"Digitalna biblioteka\"}]},{\"@type\":\"WebSite\",\"@id\":\"https:\\\/\\\/savezsrba.ro\\\/lat\\\/#website\",\"url\":\"https:\\\/\\\/savezsrba.ro\\\/lat\\\/\",\"name\":\"Savez Srba u Rumuniji\",\"description\":\"\",\"potentialAction\":[{\"@type\":\"SearchAction\",\"target\":{\"@type\":\"EntryPoint\",\"urlTemplate\":\"https:\\\/\\\/savezsrba.ro\\\/lat\\\/?s={search_term_string}\"},\"query-input\":{\"@type\":\"PropertyValueSpecification\",\"valueRequired\":true,\"valueName\":\"search_term_string\"}}],\"inLanguage\":\"sr-RS\"}]}<\/script>\n<!-- \/ Yoast SEO plugin. -->","yoast_head_json":{"title":"Digitalna biblioteka - Savez Srba u Rumuniji","robots":{"index":"index","follow":"follow","max-snippet":"max-snippet:-1","max-image-preview":"max-image-preview:large","max-video-preview":"max-video-preview:-1"},"canonical":"https:\/\/savezsrba.ro\/lat\/activitate\/biblioteca-digitala\/","og_locale":"sr_RS","og_type":"article","og_title":"Digitalna biblioteka - Savez Srba u Rumuniji","og_url":"https:\/\/savezsrba.ro\/lat\/activitate\/biblioteca-digitala\/","og_site_name":"Savez Srba u Rumuniji","article_modified_time":"2020-01-17T12:04:45+00:00","og_image":[{"width":1200,"height":630,"url":"https:\/\/savezsrba.ro\/lat\/wp-content\/uploads\/sites\/5\/2020\/02\/savez-srba-fb-og.jpg","type":"image\/jpeg"}],"twitter_card":"summary_large_image","twitter_misc":{"\u041f\u0440\u043e\u0446\u0435\u045a\u0435\u043d\u043e \u0432\u0440\u0435\u043c\u0435 \u0447\u0438\u0442\u0430\u045a\u0430":"3 \u043c\u0438\u043d\u0443\u0442\u0430"},"schema":{"@context":"https:\/\/schema.org","@graph":[{"@type":"WebPage","@id":"https:\/\/savezsrba.ro\/lat\/activitate\/biblioteca-digitala\/","url":"https:\/\/savezsrba.ro\/lat\/activitate\/biblioteca-digitala\/","name":"Digitalna biblioteka - Savez Srba u Rumuniji","isPartOf":{"@id":"https:\/\/savezsrba.ro\/lat\/#website"},"datePublished":"2018-10-29T11:17:03+00:00","dateModified":"2020-01-17T12:04:45+00:00","breadcrumb":{"@id":"https:\/\/savezsrba.ro\/lat\/activitate\/biblioteca-digitala\/#breadcrumb"},"inLanguage":"sr-RS","potentialAction":[{"@type":"ReadAction","target":["https:\/\/savezsrba.ro\/lat\/activitate\/biblioteca-digitala\/"]}]},{"@type":"BreadcrumbList","@id":"https:\/\/savezsrba.ro\/lat\/activitate\/biblioteca-digitala\/#breadcrumb","itemListElement":[{"@type":"ListItem","position":1,"name":"Home","item":"https:\/\/savezsrba.ro\/lat\/pocetna\/"},{"@type":"ListItem","position":2,"name":"Activitate","item":"https:\/\/savezsrba.ro\/lat\/activitate\/"},{"@type":"ListItem","position":3,"name":"Digitalna biblioteka"}]},{"@type":"WebSite","@id":"https:\/\/savezsrba.ro\/lat\/#website","url":"https:\/\/savezsrba.ro\/lat\/","name":"Savez Srba u Rumuniji","description":"","potentialAction":[{"@type":"SearchAction","target":{"@type":"EntryPoint","urlTemplate":"https:\/\/savezsrba.ro\/lat\/?s={search_term_string}"},"query-input":{"@type":"PropertyValueSpecification","valueRequired":true,"valueName":"search_term_string"}}],"inLanguage":"sr-RS"}]}},"publishpress_future_action":{"enabled":false,"date":"2026-04-24 13:55:06","action":"change-status","newStatus":"draft","terms":[],"taxonomy":"","extraData":[]},"publishpress_future_workflow_manual_trigger":{"enabledWorkflows":[]},"_links":{"self":[{"href":"https:\/\/savezsrba.ro\/lat\/wp-json\/wp\/v2\/pages\/419","targetHints":{"allow":["GET"]}}],"collection":[{"href":"https:\/\/savezsrba.ro\/lat\/wp-json\/wp\/v2\/pages"}],"about":[{"href":"https:\/\/savezsrba.ro\/lat\/wp-json\/wp\/v2\/types\/page"}],"author":[{"embeddable":true,"href":"https:\/\/savezsrba.ro\/lat\/wp-json\/wp\/v2\/users\/1"}],"replies":[{"embeddable":true,"href":"https:\/\/savezsrba.ro\/lat\/wp-json\/wp\/v2\/comments?post=419"}],"version-history":[{"count":0,"href":"https:\/\/savezsrba.ro\/lat\/wp-json\/wp\/v2\/pages\/419\/revisions"}],"up":[{"embeddable":true,"href":"https:\/\/savezsrba.ro\/lat\/wp-json\/wp\/v2\/pages\/168"}],"wp:attachment":[{"href":"https:\/\/savezsrba.ro\/lat\/wp-json\/wp\/v2\/media?parent=419"}],"curies":[{"name":"wp","href":"https:\/\/api.w.org\/{rel}","templated":true}]}}