{"id":416,"date":"2018-10-29T13:16:45","date_gmt":"2018-10-29T11:16:45","guid":{"rendered":"https:\/\/savezsrba.ro\/ro\/?page_id=416"},"modified":"2020-01-20T14:06:13","modified_gmt":"2020-01-20T12:06:13","slug":"biblioteca-dimitrije-tirol","status":"publish","type":"page","link":"https:\/\/savezsrba.ro\/ro\/activitate\/biblioteca-dimitrije-tirol\/","title":{"rendered":"Biblioteca \u201eDimitrije Tirol\u201d"},"content":{"rendered":"<div id='av_section_1'  class='avia-section footer_color avia-section-large avia-no-border-styling  avia-full-stretch avia-bg-style-scroll  avia-builder-el-0  el_before_av_section  avia-builder-el-first   av-minimum-height av-minimum-height-50  container_wrap fullsize' style='background-repeat: no-repeat; background-image: url('https:\/\/savezsrba.ro\/ro\/wp-content\/uploads\/sites\/2\/2020\/01\/biblioteca-1.webp') ;background-attachment: scroll; background-position: center center;  '  data-section-bg-repeat='stretch' data-av_minimum_height_pc='50'><div class='container' ><main  role=\"main\" itemprop=\"mainContentOfPage\"  class='template-page content  av-content-full alpha units'><div class='post-entry post-entry-type-page post-entry-416'><div class='entry-content-wrapper clearfix'>\n<div class=\"flex_column av_one_full  flex_column_div av-zero-column-padding first  avia-builder-el-1  avia-builder-el-no-sibling  \" style='border-radius:0px; '><section class=\"av_textblock_section \"  itemscope=\"itemscope\" itemtype=\"https:\/\/schema.org\/CreativeWork\" ><div class='avia_textblock  '   itemprop=\"text\" ><h1 style=\"text-align: center;\"><span style=\"color: #ffffff; background-color: rgba(0,0,0,0.4); padding: 10px 10px;\">Biblioteca \u201eDIMITRIJE TIROL\u201d<\/span><\/h1>\n<\/div><\/section><\/div>\n\n<\/div><\/div><\/main><!-- close content main element --><\/div><\/div><div id='av_section_2'  class='avia-section main_color avia-section-default avia-no-border-styling  avia-bg-style-scroll  avia-builder-el-3  el_after_av_section  avia-builder-el-last   container_wrap fullsize' style=' '  ><div class='container' ><div class='template-page content  av-content-full alpha units'><div class='post-entry post-entry-type-page post-entry-416'><div class='entry-content-wrapper clearfix'>\n<div class=\"flex_column av_one_full  flex_column_div av-zero-column-padding first  avia-builder-el-4  avia-builder-el-no-sibling  \" style='border-radius:0px; '><section class=\"av_textblock_section \"  itemscope=\"itemscope\" itemtype=\"https:\/\/schema.org\/CreativeWork\" ><div class='avia_textblock  '   itemprop=\"text\" ><p>Biblioteca Uniunii S\u00e2rbilor din Rom\u00e2nia este o bibliotec\u0103 specializat\u0103, av\u00e2nd scopul de a asigura condi\u021biile pentru cititul c\u0103r\u021bilor \u0219i periodicelor \u00een limba s\u00e2rb\u0103, principalul public \u021bint\u0103 fiind comunitatea s\u00e2rb\u0103 din Timi\u0219oara.<\/p>\n<p>\u00cenfiin\u021bat\u0103 \u00een anul 1992, Biblioteca a func\u021bionat o lung\u0103 perioad\u0103 de timp \u00een Pia\u021ba Unirii din Timi\u0219oara. \u00cen anul 2018 sediul Bibliotecii a fost mutat \u00eentr-un spa\u021biu mult mai adecvat la Centrul Cultural S\u00e2rb din Timi\u0219oara (sediul Uniunii S\u00e2rbilor din Rom\u00e2nia, strada Mangalia, nr.29). Cu ocazia inaugur\u0103rii, i s-a atribuit numele literatului \u0219i bibliofilului \u201eDimitrije P. Tirol\u201d , care a tip\u0103rit unul din primele calendare-almanahuri s\u00e2rbe\u0219ti, <i>Banatskij almanah<\/i>, \u00een 1827, la Timi\u0219oara.<\/p>\n<p>Fondul de carte al bibliotecii num\u0103r\u0103 ast\u0103zi peste 19.000 de volume, c\u00e2t \u0219i numeroase colec\u021bii de periodice. Fondul este \u00een continu\u0103 cre\u0219tere.<\/p>\n<p>Biblioteca nu se adreseaz\u0103 exclusiv comunit\u0103\u021bii s\u00e2rbe, ci tuturor celor care doresc s\u0103 cunoasc\u0103 sau s\u0103 aprofundeze limba \u0219i cultura s\u00e2rb\u0103.<\/p>\n<p><strong>Orarul bibliotecii\u00a0:<\/strong><\/p>\n<p>Luni: 09-12, 13-17;<\/p>\n<p>Mar\u021bi: 10-13, 14-18;<\/p>\n<p>Miercuri: 09-12, 13-17;<\/p>\n<p>Joi: 10-13, 14-18;<\/p>\n<p>Vineri: 08-11, 12-16.<\/p>\n<p><strong>Bibliotecar:<\/strong> Anca Panici<\/p>\n<\/div><\/section><\/div>\n","protected":false},"excerpt":{"rendered":"","protected":false},"author":1,"featured_media":0,"parent":168,"menu_order":0,"comment_status":"closed","ping_status":"closed","template":"","meta":{"_mc_calendar":[],"footnotes":""},"class_list":["post-416","page","type-page","status-publish","hentry"],"yoast_head":"<!-- This site is optimized with the Yoast SEO plugin v27.3 - https:\/\/yoast.com\/product\/yoast-seo-wordpress\/ -->\n<title>Biblioteca \u201eDimitrije Tirol\u201d - Uniunea Sarbilor din Romania<\/title>\n<meta name=\"robots\" content=\"index, follow, max-snippet:-1, max-image-preview:large, max-video-preview:-1\" \/>\n<link rel=\"canonical\" href=\"https:\/\/savezsrba.ro\/ro\/activitate\/biblioteca-dimitrije-tirol\/\" \/>\n<meta property=\"og:locale\" content=\"ro_RO\" \/>\n<meta property=\"og:type\" content=\"article\" \/>\n<meta property=\"og:title\" content=\"Biblioteca \u201eDimitrije Tirol\u201d - Uniunea Sarbilor din Romania\" \/>\n<meta property=\"og:url\" content=\"https:\/\/savezsrba.ro\/ro\/activitate\/biblioteca-dimitrije-tirol\/\" \/>\n<meta property=\"og:site_name\" content=\"Uniunea Sarbilor din Romania\" \/>\n<meta property=\"article:modified_time\" content=\"2020-01-20T12:06:13+00:00\" \/>\n<meta property=\"og:image\" content=\"https:\/\/savezsrba.ro\/ro\/wp-content\/uploads\/sites\/2\/2020\/02\/savez-srba-fb-og.jpg\" \/>\n\t<meta property=\"og:image:width\" content=\"1200\" \/>\n\t<meta property=\"og:image:height\" content=\"630\" \/>\n\t<meta property=\"og:image:type\" content=\"image\/jpeg\" \/>\n<meta name=\"twitter:card\" content=\"summary_large_image\" \/>\n<meta name=\"twitter:label1\" content=\"Timp estimat pentru citire\" \/>\n\t<meta name=\"twitter:data1\" content=\"3 minute\" \/>\n<script type=\"application\/ld+json\" class=\"yoast-schema-graph\">{\"@context\":\"https:\\\/\\\/schema.org\",\"@graph\":[{\"@type\":\"WebPage\",\"@id\":\"https:\\\/\\\/savezsrba.ro\\\/ro\\\/activitate\\\/biblioteca-dimitrije-tirol\\\/\",\"url\":\"https:\\\/\\\/savezsrba.ro\\\/ro\\\/activitate\\\/biblioteca-dimitrije-tirol\\\/\",\"name\":\"Biblioteca \u201eDimitrije Tirol\u201d - Uniunea Sarbilor din Romania\",\"isPartOf\":{\"@id\":\"https:\\\/\\\/savezsrba.ro\\\/ro\\\/#website\"},\"datePublished\":\"2018-10-29T11:16:45+00:00\",\"dateModified\":\"2020-01-20T12:06:13+00:00\",\"breadcrumb\":{\"@id\":\"https:\\\/\\\/savezsrba.ro\\\/ro\\\/activitate\\\/biblioteca-dimitrije-tirol\\\/#breadcrumb\"},\"inLanguage\":\"ro-RO\",\"potentialAction\":[{\"@type\":\"ReadAction\",\"target\":[\"https:\\\/\\\/savezsrba.ro\\\/ro\\\/activitate\\\/biblioteca-dimitrije-tirol\\\/\"]}]},{\"@type\":\"BreadcrumbList\",\"@id\":\"https:\\\/\\\/savezsrba.ro\\\/ro\\\/activitate\\\/biblioteca-dimitrije-tirol\\\/#breadcrumb\",\"itemListElement\":[{\"@type\":\"ListItem\",\"position\":1,\"name\":\"Home\",\"item\":\"https:\\\/\\\/savezsrba.ro\\\/ro\\\/home\\\/\"},{\"@type\":\"ListItem\",\"position\":2,\"name\":\"Activitate\",\"item\":\"https:\\\/\\\/savezsrba.ro\\\/ro\\\/activitate\\\/\"},{\"@type\":\"ListItem\",\"position\":3,\"name\":\"Biblioteca \u201eDimitrije Tirol\u201d\"}]},{\"@type\":\"WebSite\",\"@id\":\"https:\\\/\\\/savezsrba.ro\\\/ro\\\/#website\",\"url\":\"https:\\\/\\\/savezsrba.ro\\\/ro\\\/\",\"name\":\"Uniunea Sarbilor din Romania\",\"description\":\"\",\"potentialAction\":[{\"@type\":\"SearchAction\",\"target\":{\"@type\":\"EntryPoint\",\"urlTemplate\":\"https:\\\/\\\/savezsrba.ro\\\/ro\\\/?s={search_term_string}\"},\"query-input\":{\"@type\":\"PropertyValueSpecification\",\"valueRequired\":true,\"valueName\":\"search_term_string\"}}],\"inLanguage\":\"ro-RO\"}]}<\/script>\n<!-- \/ Yoast SEO plugin. -->","yoast_head_json":{"title":"Biblioteca \u201eDimitrije Tirol\u201d - Uniunea Sarbilor din Romania","robots":{"index":"index","follow":"follow","max-snippet":"max-snippet:-1","max-image-preview":"max-image-preview:large","max-video-preview":"max-video-preview:-1"},"canonical":"https:\/\/savezsrba.ro\/ro\/activitate\/biblioteca-dimitrije-tirol\/","og_locale":"ro_RO","og_type":"article","og_title":"Biblioteca \u201eDimitrije Tirol\u201d - Uniunea Sarbilor din Romania","og_url":"https:\/\/savezsrba.ro\/ro\/activitate\/biblioteca-dimitrije-tirol\/","og_site_name":"Uniunea Sarbilor din Romania","article_modified_time":"2020-01-20T12:06:13+00:00","og_image":[{"width":1200,"height":630,"url":"https:\/\/savezsrba.ro\/ro\/wp-content\/uploads\/sites\/2\/2020\/02\/savez-srba-fb-og.jpg","type":"image\/jpeg"}],"twitter_card":"summary_large_image","twitter_misc":{"Timp estimat pentru citire":"3 minute"},"schema":{"@context":"https:\/\/schema.org","@graph":[{"@type":"WebPage","@id":"https:\/\/savezsrba.ro\/ro\/activitate\/biblioteca-dimitrije-tirol\/","url":"https:\/\/savezsrba.ro\/ro\/activitate\/biblioteca-dimitrije-tirol\/","name":"Biblioteca \u201eDimitrije Tirol\u201d - Uniunea Sarbilor din Romania","isPartOf":{"@id":"https:\/\/savezsrba.ro\/ro\/#website"},"datePublished":"2018-10-29T11:16:45+00:00","dateModified":"2020-01-20T12:06:13+00:00","breadcrumb":{"@id":"https:\/\/savezsrba.ro\/ro\/activitate\/biblioteca-dimitrije-tirol\/#breadcrumb"},"inLanguage":"ro-RO","potentialAction":[{"@type":"ReadAction","target":["https:\/\/savezsrba.ro\/ro\/activitate\/biblioteca-dimitrije-tirol\/"]}]},{"@type":"BreadcrumbList","@id":"https:\/\/savezsrba.ro\/ro\/activitate\/biblioteca-dimitrije-tirol\/#breadcrumb","itemListElement":[{"@type":"ListItem","position":1,"name":"Home","item":"https:\/\/savezsrba.ro\/ro\/home\/"},{"@type":"ListItem","position":2,"name":"Activitate","item":"https:\/\/savezsrba.ro\/ro\/activitate\/"},{"@type":"ListItem","position":3,"name":"Biblioteca \u201eDimitrije Tirol\u201d"}]},{"@type":"WebSite","@id":"https:\/\/savezsrba.ro\/ro\/#website","url":"https:\/\/savezsrba.ro\/ro\/","name":"Uniunea Sarbilor din Romania","description":"","potentialAction":[{"@type":"SearchAction","target":{"@type":"EntryPoint","urlTemplate":"https:\/\/savezsrba.ro\/ro\/?s={search_term_string}"},"query-input":{"@type":"PropertyValueSpecification","valueRequired":true,"valueName":"search_term_string"}}],"inLanguage":"ro-RO"}]}},"publishpress_future_action":{"enabled":false,"date":"2026-04-11 13:17:16","action":"category-remove","newStatus":"draft","terms":[],"taxonomy":"","extraData":[]},"publishpress_future_workflow_manual_trigger":{"enabledWorkflows":[]},"_links":{"self":[{"href":"https:\/\/savezsrba.ro\/ro\/wp-json\/wp\/v2\/pages\/416","targetHints":{"allow":["GET"]}}],"collection":[{"href":"https:\/\/savezsrba.ro\/ro\/wp-json\/wp\/v2\/pages"}],"about":[{"href":"https:\/\/savezsrba.ro\/ro\/wp-json\/wp\/v2\/types\/page"}],"author":[{"embeddable":true,"href":"https:\/\/savezsrba.ro\/ro\/wp-json\/wp\/v2\/users\/1"}],"replies":[{"embeddable":true,"href":"https:\/\/savezsrba.ro\/ro\/wp-json\/wp\/v2\/comments?post=416"}],"version-history":[{"count":0,"href":"https:\/\/savezsrba.ro\/ro\/wp-json\/wp\/v2\/pages\/416\/revisions"}],"up":[{"embeddable":true,"href":"https:\/\/savezsrba.ro\/ro\/wp-json\/wp\/v2\/pages\/168"}],"wp:attachment":[{"href":"https:\/\/savezsrba.ro\/ro\/wp-json\/wp\/v2\/media?parent=416"}],"curies":[{"name":"wp","href":"https:\/\/api.w.org\/{rel}","templated":true}]}}