{"id":419,"date":"2018-10-29T13:17:03","date_gmt":"2018-10-29T11:17:03","guid":{"rendered":"https:\/\/savezsrba.ro\/ro\/?page_id=419"},"modified":"2020-01-15T13:08:26","modified_gmt":"2020-01-15T11:08:26","slug":"biblioteca-digitala","status":"publish","type":"page","link":"https:\/\/savezsrba.ro\/ro\/activitate\/biblioteca-digitala\/","title":{"rendered":"Biblioteca Digital\u0103"},"content":{"rendered":"<div id='av_section_1'  class='avia-section footer_color avia-section-large avia-no-border-styling  avia-full-stretch av-section-color-overlay-active avia-bg-style-scroll  avia-builder-el-0  el_before_av_section  avia-builder-el-first   av-minimum-height av-minimum-height-50  container_wrap fullsize' style='background-repeat: no-repeat; background-image: url('https:\/\/savezsrba.ro\/ro\/wp-content\/uploads\/sites\/2\/2020\/01\/DBSR.webp') ;background-attachment: scroll; background-position: center center;  '  data-section-bg-repeat='stretch' data-av_minimum_height_pc='50'><div class='av-section-color-overlay-wrap'><div class='av-section-color-overlay' style='opacity: 0.5; background-color: #000000; '><\/div><div class='container' ><main  role=\"main\" itemprop=\"mainContentOfPage\"  class='template-page content  av-content-full alpha units'><div class='post-entry post-entry-type-page post-entry-419'><div class='entry-content-wrapper clearfix'>\n<div class=\"flex_column av_one_full  flex_column_div av-zero-column-padding first  avia-builder-el-1  avia-builder-el-no-sibling  \" style='border-radius:0px; '><section class=\"av_textblock_section \"  itemscope=\"itemscope\" itemtype=\"https:\/\/schema.org\/CreativeWork\" ><div class='avia_textblock  '   itemprop=\"text\" ><h1 style=\"text-align: center;\"><span style=\"color: #ffffff; background-color: rgba(0,0,0,0.4); padding: 10px 10px;\">Biblioteca Digital\u0103 a S\u00e2rbilor din Rom\u00e2nia<\/span><\/h1>\n<\/div><\/section><\/div>\n\n<\/div><\/div><\/main><!-- close content main element --><\/div><\/div><\/div><div id='av_section_2'  class='avia-section main_color avia-section-default avia-no-shadow  avia-bg-style-scroll  avia-builder-el-3  el_after_av_section  avia-builder-el-last   container_wrap fullsize' style=' '  ><div class='container' ><div class='template-page content  av-content-full alpha units'><div class='post-entry post-entry-type-page post-entry-419'><div class='entry-content-wrapper clearfix'>\n<section class=\"av_textblock_section \"  itemscope=\"itemscope\" itemtype=\"https:\/\/schema.org\/CreativeWork\" ><div class='avia_textblock  '   itemprop=\"text\" ><p style=\"text-align: center;\">Proiectul <strong>DBSR<\/strong> <strong>(Digitalna biblioteka Srba u Rumuniji &#8211; Biblioteca Digital\u0103 a S\u00e2rbilor din Rom\u00e2nia)<\/strong> a fost motivat de dorin\u021bele \u00eendelungate ale unui num\u0103r mare de oameni din r\u00e2ndurile comunit\u0103\u021bii noastre, legate de salvarea de la distrugere (\u0219i implicit de la uitare) a exemplarelor rare \u0219i greu accesibile ale c\u0103r\u021bilor vechi, ale revistelor sau ziarelor \u00een limba s\u00e2rb\u0103 publicate pe teritoriul Rom\u00e2niei de azi.<\/p>\n<p style=\"text-align: center;\">Prima ini\u021biativ\u0103 \u00een acest sens a ap\u0103rut \u00een cadrul Organiza\u021biei Locale Timi\u0219oara a Uniunii S\u00e2rbilor din Romania, prin hot\u0103r\u00e2rea de a digitaliza cu ajutorul tehnologiei curente mai \u00eent\u00e2i colec\u021biile unice de ziare s\u00e2rbe\u0219ti existente \u00een fondul Bibliotecii S\u00e2rbe\u0219ti din Timi\u0219oara. \u00cen acest mod s-au creat premisele ca nou-createle exemplare digitale s\u0103 constituie fondul unei noi biblioteci virtuale, astfel ca opusul editorial deosebit de bogat al S\u00e2rbilor din Rom\u00e2nia &#8211; ale c\u0103rui \u00eenceputuri se afl\u0103 \u00een deceniul trei al secolului al XIX-lea &#8211; s\u0103 poat\u0103 fi pus la dispozi\u021bie publicului larg, prin intermediul acestui site.<\/p>\n<p style=\"text-align: center;\">Con\u021binutul site-ului nu este limitat doar la ideea ini\u021bial\u0103 (ziare, reviste \u0219i c\u0103r\u021bi), el con\u021bin\u00e2nd un spectru mult mai larg de materiale despre comunitatea noastr\u0103 sau care au ap\u0103rut \u00een comunitatea noastr\u0103.<\/p>\n<p style=\"text-align: center;\">Site-ul Bibliotecii Digitale a S\u00e2rbilor din Rom\u00e2nia este organizat \u00een dou\u0103zeci de categorii. Pentru o disponibilitate mai larg\u0103, exist\u0103 versiuni identice ale site-ului (paginilor) \u00een limbile s\u00e2rb\u0103 (cu caractere chirilice \u0219i latine), rom\u00e2n\u0103 \u0219i englez\u0103.<br \/>\nBiblioteca Digital\u0103 a S\u00e2rbilor din Rom\u00e2nia (DBSR) este o bibliotec\u0103 virtual\u0103 deschis\u0103, cu acces nelimitat tuturor vizitatorilor. \u00cen acest sens, toate materialele de pe site se pot desc\u0103rca \u00een scopul utiliz\u0103rii ulterioare, \u00een concordan\u021b\u0103 cu Condi\u021biile de utilizare existente.<\/p>\n<p style=\"text-align: center;\">Site-ul este accesibil la adresa: <a href=\"http:\/\/dbsr.ro\/index-ro.html\">www.dbsr.ro<\/a><\/p>\n<\/div><\/section>\n\n","protected":false},"excerpt":{"rendered":"","protected":false},"author":1,"featured_media":0,"parent":168,"menu_order":0,"comment_status":"closed","ping_status":"closed","template":"","meta":{"_mc_calendar":[],"footnotes":""},"class_list":["post-419","page","type-page","status-publish","hentry"],"yoast_head":"<!-- This site is optimized with the Yoast SEO plugin v27.5 - https:\/\/yoast.com\/product\/yoast-seo-wordpress\/ -->\n<title>Biblioteca Digital\u0103 - Uniunea Sarbilor din Romania<\/title>\n<meta name=\"robots\" content=\"index, follow, max-snippet:-1, max-image-preview:large, max-video-preview:-1\" \/>\n<link rel=\"canonical\" href=\"https:\/\/savezsrba.ro\/ro\/activitate\/biblioteca-digitala\/\" \/>\n<meta property=\"og:locale\" content=\"ro_RO\" \/>\n<meta property=\"og:type\" content=\"article\" \/>\n<meta property=\"og:title\" content=\"Biblioteca Digital\u0103 - Uniunea Sarbilor din Romania\" \/>\n<meta property=\"og:url\" content=\"https:\/\/savezsrba.ro\/ro\/activitate\/biblioteca-digitala\/\" \/>\n<meta property=\"og:site_name\" content=\"Uniunea Sarbilor din Romania\" \/>\n<meta property=\"article:modified_time\" content=\"2020-01-15T11:08:26+00:00\" \/>\n<meta property=\"og:image\" content=\"https:\/\/savezsrba.ro\/ro\/wp-content\/uploads\/sites\/2\/2020\/02\/savez-srba-fb-og.jpg\" \/>\n\t<meta property=\"og:image:width\" content=\"1200\" \/>\n\t<meta property=\"og:image:height\" content=\"630\" \/>\n\t<meta property=\"og:image:type\" content=\"image\/jpeg\" \/>\n<meta name=\"twitter:card\" content=\"summary_large_image\" \/>\n<meta name=\"twitter:label1\" content=\"Timp estimat pentru citire\" \/>\n\t<meta name=\"twitter:data1\" content=\"3 minute\" \/>\n<script type=\"application\/ld+json\" class=\"yoast-schema-graph\">{\"@context\":\"https:\\\/\\\/schema.org\",\"@graph\":[{\"@type\":\"WebPage\",\"@id\":\"https:\\\/\\\/savezsrba.ro\\\/ro\\\/activitate\\\/biblioteca-digitala\\\/\",\"url\":\"https:\\\/\\\/savezsrba.ro\\\/ro\\\/activitate\\\/biblioteca-digitala\\\/\",\"name\":\"Biblioteca Digital\u0103 - Uniunea Sarbilor din Romania\",\"isPartOf\":{\"@id\":\"https:\\\/\\\/savezsrba.ro\\\/ro\\\/#website\"},\"datePublished\":\"2018-10-29T11:17:03+00:00\",\"dateModified\":\"2020-01-15T11:08:26+00:00\",\"breadcrumb\":{\"@id\":\"https:\\\/\\\/savezsrba.ro\\\/ro\\\/activitate\\\/biblioteca-digitala\\\/#breadcrumb\"},\"inLanguage\":\"ro-RO\",\"potentialAction\":[{\"@type\":\"ReadAction\",\"target\":[\"https:\\\/\\\/savezsrba.ro\\\/ro\\\/activitate\\\/biblioteca-digitala\\\/\"]}]},{\"@type\":\"BreadcrumbList\",\"@id\":\"https:\\\/\\\/savezsrba.ro\\\/ro\\\/activitate\\\/biblioteca-digitala\\\/#breadcrumb\",\"itemListElement\":[{\"@type\":\"ListItem\",\"position\":1,\"name\":\"Home\",\"item\":\"https:\\\/\\\/savezsrba.ro\\\/ro\\\/home\\\/\"},{\"@type\":\"ListItem\",\"position\":2,\"name\":\"Activitate\",\"item\":\"https:\\\/\\\/savezsrba.ro\\\/ro\\\/activitate\\\/\"},{\"@type\":\"ListItem\",\"position\":3,\"name\":\"Biblioteca Digital\u0103\"}]},{\"@type\":\"WebSite\",\"@id\":\"https:\\\/\\\/savezsrba.ro\\\/ro\\\/#website\",\"url\":\"https:\\\/\\\/savezsrba.ro\\\/ro\\\/\",\"name\":\"Uniunea Sarbilor din Romania\",\"description\":\"\",\"potentialAction\":[{\"@type\":\"SearchAction\",\"target\":{\"@type\":\"EntryPoint\",\"urlTemplate\":\"https:\\\/\\\/savezsrba.ro\\\/ro\\\/?s={search_term_string}\"},\"query-input\":{\"@type\":\"PropertyValueSpecification\",\"valueRequired\":true,\"valueName\":\"search_term_string\"}}],\"inLanguage\":\"ro-RO\"}]}<\/script>\n<!-- \/ Yoast SEO plugin. -->","yoast_head_json":{"title":"Biblioteca Digital\u0103 - Uniunea Sarbilor din Romania","robots":{"index":"index","follow":"follow","max-snippet":"max-snippet:-1","max-image-preview":"max-image-preview:large","max-video-preview":"max-video-preview:-1"},"canonical":"https:\/\/savezsrba.ro\/ro\/activitate\/biblioteca-digitala\/","og_locale":"ro_RO","og_type":"article","og_title":"Biblioteca Digital\u0103 - Uniunea Sarbilor din Romania","og_url":"https:\/\/savezsrba.ro\/ro\/activitate\/biblioteca-digitala\/","og_site_name":"Uniunea Sarbilor din Romania","article_modified_time":"2020-01-15T11:08:26+00:00","og_image":[{"width":1200,"height":630,"url":"https:\/\/savezsrba.ro\/ro\/wp-content\/uploads\/sites\/2\/2020\/02\/savez-srba-fb-og.jpg","type":"image\/jpeg"}],"twitter_card":"summary_large_image","twitter_misc":{"Timp estimat pentru citire":"3 minute"},"schema":{"@context":"https:\/\/schema.org","@graph":[{"@type":"WebPage","@id":"https:\/\/savezsrba.ro\/ro\/activitate\/biblioteca-digitala\/","url":"https:\/\/savezsrba.ro\/ro\/activitate\/biblioteca-digitala\/","name":"Biblioteca Digital\u0103 - Uniunea Sarbilor din Romania","isPartOf":{"@id":"https:\/\/savezsrba.ro\/ro\/#website"},"datePublished":"2018-10-29T11:17:03+00:00","dateModified":"2020-01-15T11:08:26+00:00","breadcrumb":{"@id":"https:\/\/savezsrba.ro\/ro\/activitate\/biblioteca-digitala\/#breadcrumb"},"inLanguage":"ro-RO","potentialAction":[{"@type":"ReadAction","target":["https:\/\/savezsrba.ro\/ro\/activitate\/biblioteca-digitala\/"]}]},{"@type":"BreadcrumbList","@id":"https:\/\/savezsrba.ro\/ro\/activitate\/biblioteca-digitala\/#breadcrumb","itemListElement":[{"@type":"ListItem","position":1,"name":"Home","item":"https:\/\/savezsrba.ro\/ro\/home\/"},{"@type":"ListItem","position":2,"name":"Activitate","item":"https:\/\/savezsrba.ro\/ro\/activitate\/"},{"@type":"ListItem","position":3,"name":"Biblioteca Digital\u0103"}]},{"@type":"WebSite","@id":"https:\/\/savezsrba.ro\/ro\/#website","url":"https:\/\/savezsrba.ro\/ro\/","name":"Uniunea Sarbilor din Romania","description":"","potentialAction":[{"@type":"SearchAction","target":{"@type":"EntryPoint","urlTemplate":"https:\/\/savezsrba.ro\/ro\/?s={search_term_string}"},"query-input":{"@type":"PropertyValueSpecification","valueRequired":true,"valueName":"search_term_string"}}],"inLanguage":"ro-RO"}]}},"publishpress_future_action":{"enabled":false,"date":"2026-05-09 01:56:40","action":"category-remove","newStatus":"draft","terms":[],"taxonomy":"","extraData":[]},"publishpress_future_workflow_manual_trigger":{"enabledWorkflows":[]},"_links":{"self":[{"href":"https:\/\/savezsrba.ro\/ro\/wp-json\/wp\/v2\/pages\/419","targetHints":{"allow":["GET"]}}],"collection":[{"href":"https:\/\/savezsrba.ro\/ro\/wp-json\/wp\/v2\/pages"}],"about":[{"href":"https:\/\/savezsrba.ro\/ro\/wp-json\/wp\/v2\/types\/page"}],"author":[{"embeddable":true,"href":"https:\/\/savezsrba.ro\/ro\/wp-json\/wp\/v2\/users\/1"}],"replies":[{"embeddable":true,"href":"https:\/\/savezsrba.ro\/ro\/wp-json\/wp\/v2\/comments?post=419"}],"version-history":[{"count":0,"href":"https:\/\/savezsrba.ro\/ro\/wp-json\/wp\/v2\/pages\/419\/revisions"}],"up":[{"embeddable":true,"href":"https:\/\/savezsrba.ro\/ro\/wp-json\/wp\/v2\/pages\/168"}],"wp:attachment":[{"href":"https:\/\/savezsrba.ro\/ro\/wp-json\/wp\/v2\/media?parent=419"}],"curies":[{"name":"wp","href":"https:\/\/api.w.org\/{rel}","templated":true}]}}